{"id":130,"date":"2022-03-03T15:27:14","date_gmt":"2022-03-03T14:27:14","guid":{"rendered":"http:\/\/natuerlich-weinreich.de.w01cc130.kasserver.com\/?page_id=130"},"modified":"2022-03-04T13:12:11","modified_gmt":"2022-03-04T12:12:11","slug":"die-macher","status":"publish","type":"page","link":"https:\/\/www.natuerlich-weinreich.de\/de\/die-macher\/","title":{"rendered":"DIE MACHER"},"content":{"rendered":"<p>[et_pb_section fb_built=&#8220;1&#8243; _builder_version=&#8220;4.14.8&#8243; _module_preset=&#8220;default&#8220; background_image=&#8220;https:\/\/www.natuerlich-weinreich.de\/wp-content\/uploads\/2022\/03\/17434479_1819647158359068_3344188612671279661_o.jpg&#8220; parallax=&#8220;on&#8220; max_width=&#8220;100%&#8220; hover_enabled=&#8220;0&#8243; global_colors_info=&#8220;{}&#8220; title_text=&#8220;17434479_1819647158359068_3344188612671279661_o&#8220; sticky_enabled=&#8220;0&#8243;][et_pb_row _builder_version=&#8220;4.14.8&#8243; _module_preset=&#8220;default&#8220; background_enable_image=&#8220;off&#8220; parallax=&#8220;on&#8220; width=&#8220;100%&#8220; hover_enabled=&#8220;0&#8243; global_colors_info=&#8220;{}&#8220; sticky_enabled=&#8220;0&#8243;][et_pb_column type=&#8220;4_4&#8243; _builder_version=&#8220;4.14.8&#8243; _module_preset=&#8220;default&#8220; global_colors_info=&#8220;{}&#8220;][et_pb_text _builder_version=&#8220;4.14.8&#8243; _module_preset=&#8220;default&#8220; header_font=&#8220;Lato|900|||||||&#8220; header_text_color=&#8220;#00cfbb&#8220; header_font_size=&#8220;80px&#8220; header_letter_spacing=&#8220;5px&#8220; background_enable_color=&#8220;off&#8220; custom_padding=&#8220;250px||250px||false|false&#8220; global_colors_info=&#8220;{}&#8220;]<\/p>\n<h1>MARC &amp; JAN WEINREICH<\/h1>\n<p>[\/et_pb_text][\/et_pb_column][\/et_pb_row][\/et_pb_section][et_pb_section fb_built=&#8220;1&#8243; _builder_version=&#8220;4.14.8&#8243; _module_preset=&#8220;default&#8220; global_colors_info=&#8220;{}&#8220;][et_pb_row _builder_version=&#8220;4.14.8&#8243; _module_preset=&#8220;default&#8220; global_colors_info=&#8220;{}&#8220;][et_pb_column type=&#8220;4_4&#8243; _builder_version=&#8220;4.14.8&#8243; _module_preset=&#8220;default&#8220; global_colors_info=&#8220;{}&#8220;][et_pb_text _builder_version=&#8220;4.14.8&#8243; _module_preset=&#8220;default&#8220; header_font=&#8220;Lato|900|||||||&#8220; header_text_color=&#8220;#00cfbb&#8220; header_font_size=&#8220;35px&#8220; header_letter_spacing=&#8220;3px&#8220; background_enable_color=&#8220;off&#8220; custom_padding=&#8220;||||false|false&#8220; global_colors_info=&#8220;{}&#8220;]Heiter bis wolkig. Eigentlich auch eine passende \u00dcberschrift f\u00fcr unser Kapitel, oder? Nein. Feuer und Wasser. Wahnsinn und Genie. Das sind Attribute die uns besser beschreiben. Extreme. Extreme, die auch unsere Weine charakterisieren.<\/p>\n<p>Ich liebe kranke Ideen. Denn auch sie wachsen in mir. Gerne mal anders sein. Provozieren. Spa\u00df dabeihaben. Deshalb gefiel mir die Idee der Vin naturel-Pioniere aus Frankreich, Spanien und Italien extrem, Weine wieder so zu produzieren, wie es einst \u00fcblich war. Voller Natur. Ohne Schn\u00f6rkel. Ich war sofort begeistert. Nein besessen von diesen Orangeweinen oder wie man sie nennt. Kompromisslos. Terroir fokussiert. Mit nicht stoppendem Trinkfluss.<\/p>\n<p>Mein Bruder Jan ist da ganz anders. Geerdet. Zur\u00fcckhaltend. Sachlich. Mit Werten und Traditionen. Jemand der mich immer wieder einf\u00e4ngt. In die Realit\u00e4t zur\u00fcckholt. Und das ist gut so!<\/p>\n<p>Ich schenkte Jan ein Glas Naturwein ein und schaute in blutleere Augen. Nicht nur, dass er meine Euphorie f\u00fcr diesen genialen Tropfen nicht teilte, ihn widerte dieser Freakstoff regelrecht an und meine Idee, einen eigenen Orangewein zu erschaffen, stie\u00df auf strikte Ablehnung.<\/p>\n<p>Aber ich hatte es mir in den Kopf gesetzt. So bin ich. Ich wollte f\u00fcr uns einen eigenen Naturwein in die Flasche bringen. Aus unserem biologischen Anbau noch mehr rausholen. Nicht ganz uneigenn\u00fctzig, denn mittlerweile floss unser erwirtschaftetes Geld zu gro\u00dfen Teilen in die Kassen verehrter Winzer im Jura, im Roussillon oder an der Loire.<\/p>\n<p>Mir war klar, wenn ich meinen Bruder mit im Boot haben wollte, musste ich eines schaffen: Einen Wein entstehen lassen, der Spa\u00df macht zu trinken. Unverkopft. Nicht philosophisch. Einfach lecker! Ich startete das Experiment 2009. Und mir gefiel der Ansatz auf Anhieb. Jan auch. Und nicht nur das. Er war die treibende Kraft, dass der Wein so wurde wie er ist. Er bremste mich immer wieder ein. Er z\u00fcgelte unentwegt meinen Drang, unseren ersten Orange extremer zu machen. Jan hat dem Wein das gegeben, was wir heute beide so lieben: Unbeschwertheit. Leichtigkeit. Und das ist geblieben. Das Samenkorn von Nat\u00fcrlich Weinreich war gepflanzt.<\/p>\n<p>Extreme. Das sind wir. Das sind unsere Weine. Extrem an Natur. Reich an Trinkfreude und Wein. Nat\u00fcrlich Weinreich.[\/et_pb_text][\/et_pb_column][\/et_pb_row][\/et_pb_section]<\/p>\n","protected":false},"excerpt":{"rendered":"<p>MARC &amp; JAN WEINREICHHeiter bis wolkig. Eigentlich auch eine passende \u00dcberschrift f\u00fcr unser Kapitel, oder? Nein. Feuer und Wasser. Wahnsinn und Genie. Das sind Attribute die uns besser beschreiben. Extreme. Extreme, die auch unsere Weine charakterisieren. Ich liebe kranke Ideen. Denn auch sie wachsen in mir. Gerne mal anders sein. Provozieren. Spa\u00df dabeihaben. Deshalb gefiel [&hellip;]<\/p>\n","protected":false},"author":1,"featured_media":0,"parent":0,"menu_order":0,"comment_status":"closed","ping_status":"closed","template":"","meta":{"_et_pb_use_builder":"on","_et_pb_old_content":"","_et_gb_content_width":"","footnotes":""},"class_list":["post-130","page","type-page","status-publish","hentry"],"_links":{"self":[{"href":"https:\/\/www.natuerlich-weinreich.de\/de\/wp-json\/wp\/v2\/pages\/130","targetHints":{"allow":["GET"]}}],"collection":[{"href":"https:\/\/www.natuerlich-weinreich.de\/de\/wp-json\/wp\/v2\/pages"}],"about":[{"href":"https:\/\/www.natuerlich-weinreich.de\/de\/wp-json\/wp\/v2\/types\/page"}],"author":[{"embeddable":true,"href":"https:\/\/www.natuerlich-weinreich.de\/de\/wp-json\/wp\/v2\/users\/1"}],"replies":[{"embeddable":true,"href":"https:\/\/www.natuerlich-weinreich.de\/de\/wp-json\/wp\/v2\/comments?post=130"}],"version-history":[{"count":10,"href":"https:\/\/www.natuerlich-weinreich.de\/de\/wp-json\/wp\/v2\/pages\/130\/revisions"}],"predecessor-version":[{"id":314,"href":"https:\/\/www.natuerlich-weinreich.de\/de\/wp-json\/wp\/v2\/pages\/130\/revisions\/314"}],"wp:attachment":[{"href":"https:\/\/www.natuerlich-weinreich.de\/de\/wp-json\/wp\/v2\/media?parent=130"}],"curies":[{"name":"wp","href":"https:\/\/api.w.org\/{rel}","templated":true}]}}