{"id":2,"date":"2022-02-28T17:31:37","date_gmt":"2022-02-28T16:31:37","guid":{"rendered":"http:\/\/natuerlich-weinreich.de\/?page_id=2"},"modified":"2022-03-04T17:32:31","modified_gmt":"2022-03-04T16:32:31","slug":"home","status":"publish","type":"page","link":"https:\/\/www.natuerlich-weinreich.de\/de\/","title":{"rendered":"Home"},"content":{"rendered":"<p>[et_pb_section fb_built=&#8220;1&#8243; _builder_version=&#8220;4.14.8&#8243; background_image=&#8220;https:\/\/www.natuerlich-weinreich.de\/wp-content\/uploads\/2022\/02\/mr6tfh2z.jpg&#8220; parallax=&#8220;on&#8220; max_width=&#8220;100%&#8220; global_colors_info=&#8220;{}&#8220;][et_pb_row _builder_version=&#8220;4.14.8&#8243; parallax=&#8220;on&#8220; global_colors_info=&#8220;{}&#8220;][et_pb_column type=&#8220;4_4&#8243; _builder_version=&#8220;3.25&#8243; custom_padding=&#8220;|||&#8220; global_colors_info=&#8220;{}&#8220; custom_padding__hover=&#8220;|||&#8220;][et_pb_text _builder_version=&#8220;4.14.8&#8243; text_font=&#8220;|800|||||||&#8220; text_text_color=&#8220;#00cfbb&#8220; text_font_size=&#8220;80px&#8220; header_font=&#8220;|800|||||||&#8220; header_text_align=&#8220;center&#8220; header_text_color=&#8220;#00cfbb&#8220; header_font_size=&#8220;80px&#8220; header_letter_spacing=&#8220;5px&#8220; background_size=&#8220;initial&#8220; background_position=&#8220;top_left&#8220; background_repeat=&#8220;repeat&#8220; width=&#8220;100%&#8220; custom_padding=&#8220;200px||200px||false|false&#8220; global_colors_info=&#8220;{}&#8220;]<\/p>\n<h1>NAT\u00dcRLICH WEINREICH!<\/h1>\n<p>[\/et_pb_text][\/et_pb_column][\/et_pb_row][\/et_pb_section][et_pb_section fb_built=&#8220;1&#8243; _builder_version=&#8220;4.14.8&#8243; _module_preset=&#8220;default&#8220; global_colors_info=&#8220;{}&#8220;][et_pb_row _builder_version=&#8220;4.14.8&#8243; _module_preset=&#8220;default&#8220; global_colors_info=&#8220;{}&#8220;][et_pb_column type=&#8220;4_4&#8243; _builder_version=&#8220;4.14.8&#8243; _module_preset=&#8220;default&#8220; global_colors_info=&#8220;{}&#8220;][et_pb_text _builder_version=&#8220;4.14.8&#8243; _module_preset=&#8220;default&#8220; header_font=&#8220;Lato|900|||||||&#8220; header_3_font=&#8220;Lato||||||||&#8220; header_3_text_color=&#8220;#00cfbb&#8220; header_3_font_size=&#8220;35px&#8220; header_3_letter_spacing=&#8220;3px&#8220; global_colors_info=&#8220;{}&#8220;]<\/p>\n<h3>TRAUBEN. BODEN. ICH<\/h3>\n<p>Wein ist keine Wissenschaft. Wein ist meine Leidenschaft. Ich folge keinen Normen. Ich folge meinem Bauch. Meinem Gef\u00fchl. Meinem Geschmack. Unkompliziert. S\u00fcffig. Voller Spa\u00df. So ist mein Wein. So bin ich. Trauben. Boden. Wetter. Ich. Meine Weine sind der Ursprung der Natur und meines Handelns.<\/p>\n<p>[\/et_pb_text][\/et_pb_column][\/et_pb_row][\/et_pb_section][et_pb_section fb_built=&#8220;1&#8243; _builder_version=&#8220;4.14.8&#8243; background_image=&#8220;https:\/\/www.natuerlich-weinreich.de\/wp-content\/uploads\/2022\/03\/4.png&#8220; parallax=&#8220;on&#8220; max_width=&#8220;100%&#8220; global_colors_info=&#8220;{}&#8220;][et_pb_row _builder_version=&#8220;4.14.8&#8243; parallax=&#8220;on&#8220; global_colors_info=&#8220;{}&#8220;][et_pb_column type=&#8220;4_4&#8243; _builder_version=&#8220;3.25&#8243; custom_padding=&#8220;|||&#8220; global_colors_info=&#8220;{}&#8220; custom_padding__hover=&#8220;|||&#8220;][et_pb_text _builder_version=&#8220;4.14.8&#8243; text_font=&#8220;|800|||||||&#8220; text_text_color=&#8220;#00cfbb&#8220; text_font_size=&#8220;80px&#8220; header_font=&#8220;|300|||||||&#8220; header_text_align=&#8220;center&#8220; header_text_color=&#8220;#00cfbb&#8220; header_font_size=&#8220;80px&#8220; header_letter_spacing=&#8220;5px&#8220; header_2_font=&#8220;|800|||||||&#8220; header_2_text_align=&#8220;center&#8220; header_2_text_color=&#8220;#00cfbb&#8220; header_2_font_size=&#8220;80px&#8220; header_2_letter_spacing=&#8220;5px&#8220; background_size=&#8220;initial&#8220; background_position=&#8220;top_left&#8220; background_repeat=&#8220;repeat&#8220; width=&#8220;100%&#8220; custom_padding=&#8220;200px||200px||false|false&#8220; global_colors_info=&#8220;{}&#8220;]<\/p>\n<h2>PERLEN VOR DIE S\u00c4UE<\/h2>\n<p>[\/et_pb_text][\/et_pb_column][\/et_pb_row][\/et_pb_section][et_pb_section fb_built=&#8220;1&#8243; _builder_version=&#8220;4.14.8&#8243; _module_preset=&#8220;default&#8220; global_colors_info=&#8220;{}&#8220;][et_pb_row column_structure=&#8220;1_4,3_4&#8243; _builder_version=&#8220;4.14.8&#8243; _module_preset=&#8220;default&#8220; global_colors_info=&#8220;{}&#8220;][et_pb_column type=&#8220;1_4&#8243; _builder_version=&#8220;4.14.8&#8243; _module_preset=&#8220;default&#8220; global_colors_info=&#8220;{}&#8220;][et_pb_image src=&#8220;http:\/\/natuerlich-weinreich.de.w01cc130.kasserver.com\/wp-content\/uploads\/2022\/03\/perlenvordiesaeue.png&#8220; title_text=&#8220;perlenvordies\u00e4ue&#8220; _builder_version=&#8220;4.14.8&#8243; _module_preset=&#8220;default&#8220; animation_style=&#8220;zoom&#8220; animation_duration=&#8220;1600ms&#8220; animation_speed_curve=&#8220;ease-in&#8220; global_colors_info=&#8220;{}&#8220;][\/et_pb_image][\/et_pb_column][et_pb_column type=&#8220;3_4&#8243; _builder_version=&#8220;4.14.8&#8243; _module_preset=&#8220;default&#8220; global_colors_info=&#8220;{}&#8220;][et_pb_text _builder_version=&#8220;4.14.8&#8243; _module_preset=&#8220;default&#8220; header_font=&#8220;Lato|900|||||||&#8220; header_3_font=&#8220;Lato||||||||&#8220; header_3_text_color=&#8220;#00cfbb&#8220; header_3_font_size=&#8220;35px&#8220; header_3_letter_spacing=&#8220;3px&#8220; sticky_position=&#8220;top&#8220; sticky_offset_top=&#8220;30px&#8220; sticky_limit_bottom=&#8220;row&#8220; global_colors_info=&#8220;{}&#8220;]<\/p>\n<h3>PRICKELND. UNGEZ\u00c4HMT. PET NAT.<\/h3>\n<p>Ein Unfall? Schon. Aber ein geiler! Und die nat\u00fcrlichste Form des Schaumweins. Animierend und erfrischend. Aus maischevergorenem Riesling und Silvaner gekeltert. Noch g\u00e4rend in die Flasche gef\u00fcllt. Heraus kommt ein prickelnder, kr\u00e4utriger, naturtr\u00fcber Stoff. S\u00fcffig. Lecker. Mit Trinkfluss wie der Niagarafall. Und das Geilste. Ob beim Rasenm\u00e4hen oder Grillabend: Dieser Pet Nat passt immer!<\/p>\n<p>[\/et_pb_text][\/et_pb_column][\/et_pb_row][\/et_pb_section][et_pb_section fb_built=&#8220;1&#8243; _builder_version=&#8220;4.14.8&#8243; background_image=&#8220;https:\/\/www.natuerlich-weinreich.de\/wp-content\/uploads\/2022\/03\/2.jpg&#8220; parallax=&#8220;on&#8220; max_width=&#8220;100%&#8220; global_colors_info=&#8220;{}&#8220;][et_pb_row _builder_version=&#8220;4.14.8&#8243; parallax=&#8220;on&#8220; global_colors_info=&#8220;{}&#8220;][et_pb_column type=&#8220;4_4&#8243; _builder_version=&#8220;3.25&#8243; custom_padding=&#8220;|||&#8220; global_colors_info=&#8220;{}&#8220; custom_padding__hover=&#8220;|||&#8220;][et_pb_text _builder_version=&#8220;4.14.8&#8243; text_font=&#8220;|800|||||||&#8220; text_text_color=&#8220;#00cfbb&#8220; text_font_size=&#8220;80px&#8220; header_font=&#8220;|300|||||||&#8220; header_text_align=&#8220;center&#8220; header_text_color=&#8220;#00cfbb&#8220; header_font_size=&#8220;80px&#8220; header_letter_spacing=&#8220;5px&#8220; header_2_font=&#8220;|800|||||||&#8220; header_2_text_align=&#8220;center&#8220; header_2_text_color=&#8220;#00cfbb&#8220; header_2_font_size=&#8220;80px&#8220; header_2_letter_spacing=&#8220;5px&#8220; background_size=&#8220;initial&#8220; background_position=&#8220;top_left&#8220; background_repeat=&#8220;repeat&#8220; width=&#8220;100%&#8220; custom_padding=&#8220;200px||200px||false|false&#8220; global_colors_info=&#8220;{}&#8220;]<\/p>\n<h2>HEITER BIS WOLKIG<\/h2>\n<p>[\/et_pb_text][\/et_pb_column][\/et_pb_row][\/et_pb_section][et_pb_section fb_built=&#8220;1&#8243; _builder_version=&#8220;4.14.8&#8243; _module_preset=&#8220;default&#8220; global_colors_info=&#8220;{}&#8220;][et_pb_row column_structure=&#8220;1_4,3_4&#8243; _builder_version=&#8220;4.14.8&#8243; _module_preset=&#8220;default&#8220; global_colors_info=&#8220;{}&#8220;][et_pb_column type=&#8220;1_4&#8243; _builder_version=&#8220;4.14.8&#8243; _module_preset=&#8220;default&#8220; global_colors_info=&#8220;{}&#8220;][et_pb_image src=&#8220;http:\/\/natuerlich-weinreich.de.w01cc130.kasserver.com\/wp-content\/uploads\/2022\/03\/heiterbiswolkig.png&#8220; title_text=&#8220;heiterbiswolkig&#8220; _builder_version=&#8220;4.14.8&#8243; _module_preset=&#8220;default&#8220; animation_style=&#8220;zoom&#8220; animation_duration=&#8220;1600ms&#8220; animation_speed_curve=&#8220;ease-in&#8220; global_colors_info=&#8220;{}&#8220;][\/et_pb_image][\/et_pb_column][et_pb_column type=&#8220;3_4&#8243; _builder_version=&#8220;4.14.8&#8243; _module_preset=&#8220;default&#8220; global_colors_info=&#8220;{}&#8220;][et_pb_text _builder_version=&#8220;4.14.8&#8243; _module_preset=&#8220;default&#8220; header_font=&#8220;Lato|900|||||||&#8220; header_3_font=&#8220;Lato||||||||&#8220; header_3_text_color=&#8220;#00cfbb&#8220; header_3_font_size=&#8220;35px&#8220; header_3_letter_spacing=&#8220;3px&#8220; sticky_position=&#8220;top&#8220; sticky_offset_top=&#8220;30px&#8220; sticky_limit_bottom=&#8220;row&#8220; global_colors_info=&#8220;{}&#8220;]<\/p>\n<h3>FRISCH. FEUCHT. K\u00dcHL.<\/h3>\n<p>Sommer. Winter. Regen. Schnee. Dieses rote Trinkvergn\u00fcgen l\u00e4sst Dir die Sonne aus dem Arsch scheinen. Jederzeit. Gut gek\u00fchlt bringt dieser charaktervolle, seiner Abstammung beraubte Trinkgef\u00e4hrte Dein Herz zum Gl\u00fchen. Egal ob es aus Kohle oder Kalkstein ist. Erwartete Niederschlagsmenge: Mindestens zwei Liter pro Person!<\/p>\n<p>[\/et_pb_text][\/et_pb_column][\/et_pb_row][\/et_pb_section][et_pb_section fb_built=&#8220;1&#8243; _builder_version=&#8220;4.14.8&#8243; background_image=&#8220;https:\/\/www.natuerlich-weinreich.de\/wp-content\/uploads\/2022\/03\/6.jpg&#8220; parallax=&#8220;on&#8220; max_width=&#8220;100%&#8220; global_colors_info=&#8220;{}&#8220;][et_pb_row _builder_version=&#8220;4.14.8&#8243; parallax=&#8220;on&#8220; global_colors_info=&#8220;{}&#8220;][et_pb_column type=&#8220;4_4&#8243; _builder_version=&#8220;3.25&#8243; custom_padding=&#8220;|||&#8220; global_colors_info=&#8220;{}&#8220; custom_padding__hover=&#8220;|||&#8220;][et_pb_text _builder_version=&#8220;4.14.8&#8243; text_font=&#8220;|800|||||||&#8220; text_text_color=&#8220;#00cfbb&#8220; text_font_size=&#8220;80px&#8220; header_font=&#8220;|300|||||||&#8220; header_text_align=&#8220;center&#8220; header_text_color=&#8220;#00cfbb&#8220; header_font_size=&#8220;80px&#8220; header_letter_spacing=&#8220;5px&#8220; header_2_font=&#8220;|800|||||||&#8220; header_2_text_align=&#8220;center&#8220; header_2_text_color=&#8220;#00cfbb&#8220; header_2_font_size=&#8220;80px&#8220; header_2_letter_spacing=&#8220;5px&#8220; background_size=&#8220;initial&#8220; background_position=&#8220;top_left&#8220; background_repeat=&#8220;repeat&#8220; width=&#8220;100%&#8220; custom_padding=&#8220;200px||200px||false|false&#8220; global_colors_info=&#8220;{}&#8220;]<\/p>\n<h2>TACHELES<\/h2>\n<p>[\/et_pb_text][\/et_pb_column][\/et_pb_row][\/et_pb_section][et_pb_section fb_built=&#8220;1&#8243; _builder_version=&#8220;4.14.8&#8243; _module_preset=&#8220;default&#8220; global_colors_info=&#8220;{}&#8220;][et_pb_row column_structure=&#8220;1_4,3_4&#8243; _builder_version=&#8220;4.14.8&#8243; _module_preset=&#8220;default&#8220; global_colors_info=&#8220;{}&#8220;][et_pb_column type=&#8220;1_4&#8243; _builder_version=&#8220;4.14.8&#8243; _module_preset=&#8220;default&#8220; global_colors_info=&#8220;{}&#8220;][et_pb_image src=&#8220;http:\/\/natuerlich-weinreich.de.w01cc130.kasserver.com\/wp-content\/uploads\/2022\/03\/tacheles.png&#8220; title_text=&#8220;tacheles&#8220; _builder_version=&#8220;4.14.8&#8243; _module_preset=&#8220;default&#8220; animation_style=&#8220;zoom&#8220; animation_duration=&#8220;1600ms&#8220; animation_speed_curve=&#8220;ease-in&#8220; global_colors_info=&#8220;{}&#8220;][\/et_pb_image][\/et_pb_column][et_pb_column type=&#8220;3_4&#8243; _builder_version=&#8220;4.14.8&#8243; _module_preset=&#8220;default&#8220; global_colors_info=&#8220;{}&#8220;][et_pb_text _builder_version=&#8220;4.14.8&#8243; _module_preset=&#8220;default&#8220; header_font=&#8220;Lato|900|||||||&#8220; header_3_font=&#8220;Lato||||||||&#8220; header_3_text_color=&#8220;#00cfbb&#8220; header_3_font_size=&#8220;35px&#8220; header_3_letter_spacing=&#8220;3px&#8220; sticky_position=&#8220;top&#8220; sticky_offset_top=&#8220;30px&#8220; sticky_limit_bottom=&#8220;row&#8220; global_colors_info=&#8220;{}&#8220;]<\/p>\n<h3>DIREKT. EHRLICH. GERADEAUS.<\/h3>\n<p>Feine Gerbstoffstruktur, angenehme Adstringenz, leichte Phenolik, Bacchus kommt sch\u00f6n raus&#8230; Mensch, h\u00f6r\u2019 auf zu labern! Willst Du analysieren oder willst Du Spa\u00df?! Hier hast Du ihn. Zu 100 Prozent. Ungesch\u00f6nt. Mit Ecken und Kanten. Jedes Jahr anders. Jedes Jahr gut. Wir eiern nicht lang rum: Wir trinken Tacheles!<\/p>\n<p>[\/et_pb_text][\/et_pb_column][\/et_pb_row][\/et_pb_section][et_pb_section fb_built=&#8220;1&#8243; _builder_version=&#8220;4.14.8&#8243; background_image=&#8220;https:\/\/www.natuerlich-weinreich.de\/wp-content\/uploads\/2022\/03\/8.jpg&#8220; parallax=&#8220;on&#8220; max_width=&#8220;100%&#8220; global_colors_info=&#8220;{}&#8220;][et_pb_row _builder_version=&#8220;4.14.8&#8243; parallax=&#8220;on&#8220; global_colors_info=&#8220;{}&#8220;][et_pb_column type=&#8220;4_4&#8243; _builder_version=&#8220;3.25&#8243; custom_padding=&#8220;|||&#8220; global_colors_info=&#8220;{}&#8220; custom_padding__hover=&#8220;|||&#8220;][et_pb_text _builder_version=&#8220;4.14.8&#8243; text_font=&#8220;|800|||||||&#8220; text_text_color=&#8220;#00cfbb&#8220; text_font_size=&#8220;80px&#8220; header_font=&#8220;|300|||||||&#8220; header_text_align=&#8220;center&#8220; header_text_color=&#8220;#00cfbb&#8220; header_font_size=&#8220;80px&#8220; header_letter_spacing=&#8220;5px&#8220; header_2_font=&#8220;|800|||||||&#8220; header_2_text_align=&#8220;center&#8220; header_2_text_color=&#8220;#00cfbb&#8220; header_2_font_size=&#8220;80px&#8220; header_2_letter_spacing=&#8220;5px&#8220; background_size=&#8220;initial&#8220; background_position=&#8220;top_left&#8220; background_repeat=&#8220;repeat&#8220; width=&#8220;100%&#8220; custom_padding=&#8220;200px||200px||false|false&#8220; global_colors_info=&#8220;{}&#8220;]<\/p>\n<h2>DES WAHNSINNS FETTE BEUTE<\/h2>\n<p>[\/et_pb_text][\/et_pb_column][\/et_pb_row][\/et_pb_section][et_pb_section fb_built=&#8220;1&#8243; _builder_version=&#8220;4.14.8&#8243; _module_preset=&#8220;default&#8220; global_colors_info=&#8220;{}&#8220;][et_pb_row column_structure=&#8220;1_4,3_4&#8243; _builder_version=&#8220;4.14.8&#8243; _module_preset=&#8220;default&#8220; global_colors_info=&#8220;{}&#8220;][et_pb_column type=&#8220;1_4&#8243; _builder_version=&#8220;4.14.8&#8243; _module_preset=&#8220;default&#8220; global_colors_info=&#8220;{}&#8220;][et_pb_image src=&#8220;http:\/\/natuerlich-weinreich.de.w01cc130.kasserver.com\/wp-content\/uploads\/2022\/03\/deswahnsinnsfettebeute.png&#8220; title_text=&#8220;deswahnsinnsfettebeute&#8220; _builder_version=&#8220;4.14.8&#8243; _module_preset=&#8220;default&#8220; animation_style=&#8220;zoom&#8220; animation_duration=&#8220;1600ms&#8220; animation_speed_curve=&#8220;ease-in&#8220; global_colors_info=&#8220;{}&#8220;][\/et_pb_image][\/et_pb_column][et_pb_column type=&#8220;3_4&#8243; _builder_version=&#8220;4.14.8&#8243; _module_preset=&#8220;default&#8220; global_colors_info=&#8220;{}&#8220;][et_pb_text _builder_version=&#8220;4.14.8&#8243; _module_preset=&#8220;default&#8220; header_font=&#8220;Lato|900|||||||&#8220; header_3_font=&#8220;Lato||||||||&#8220; header_3_text_color=&#8220;#00cfbb&#8220; header_3_font_size=&#8220;35px&#8220; header_3_letter_spacing=&#8220;3px&#8220; sticky_position=&#8220;top&#8220; sticky_offset_top=&#8220;30px&#8220; sticky_limit_bottom=&#8220;row&#8220; global_colors_info=&#8220;{}&#8220;]<\/p>\n<h3>SCHWEBEND. FESSELND. ANDERS.<\/h3>\n<p>Anormale. Irre. Freaks. Zerrfiguren der Vergangenheit. Spiegelbild der Gegenwart. Ist was fr\u00fcher \u201evon der Linie abweichend\u201c war, heute normal? Ist das was fr\u00fcher g\u00e4ngig war, heute freaky?  Kann ein Orangewine burgundisch sein? Ein Chardonnay nach Apfelsaft schmecken? Uns ist\u00b4s Wurscht. Wir sind wie wir schon immer sind: Anders!<\/p>\n<p>[\/et_pb_text][\/et_pb_column][\/et_pb_row][\/et_pb_section][et_pb_section fb_built=&#8220;1&#8243; _builder_version=&#8220;4.14.8&#8243; background_image=&#8220;https:\/\/www.natuerlich-weinreich.de\/wp-content\/uploads\/2022\/03\/paroli-bg.jpg&#8220; parallax=&#8220;on&#8220; max_width=&#8220;100%&#8220; hover_enabled=&#8220;0&#8243; global_colors_info=&#8220;{}&#8220; title_text=&#8220;paroli-bg&#8220; sticky_enabled=&#8220;0&#8243;][et_pb_row _builder_version=&#8220;4.14.8&#8243; parallax=&#8220;on&#8220; global_colors_info=&#8220;{}&#8220;][et_pb_column type=&#8220;4_4&#8243; _builder_version=&#8220;3.25&#8243; custom_padding=&#8220;|||&#8220; global_colors_info=&#8220;{}&#8220; custom_padding__hover=&#8220;|||&#8220;][et_pb_text _builder_version=&#8220;4.14.8&#8243; text_font=&#8220;|800|||||||&#8220; text_text_color=&#8220;#00cfbb&#8220; text_font_size=&#8220;80px&#8220; header_font=&#8220;|300|||||||&#8220; header_text_align=&#8220;center&#8220; header_text_color=&#8220;#00cfbb&#8220; header_font_size=&#8220;80px&#8220; header_letter_spacing=&#8220;5px&#8220; header_2_font=&#8220;|800|||||||&#8220; header_2_text_align=&#8220;center&#8220; header_2_text_color=&#8220;#00cfbb&#8220; header_2_font_size=&#8220;80px&#8220; header_2_letter_spacing=&#8220;5px&#8220; background_size=&#8220;initial&#8220; background_position=&#8220;top_left&#8220; background_repeat=&#8220;repeat&#8220; width=&#8220;100%&#8220; custom_padding=&#8220;200px||200px||false|false&#8220; global_colors_info=&#8220;{}&#8220;]<\/p>\n<h2>PAROLI<\/h2>\n<p>[\/et_pb_text][\/et_pb_column][\/et_pb_row][\/et_pb_section][et_pb_section fb_built=&#8220;1&#8243; _builder_version=&#8220;4.14.8&#8243; _module_preset=&#8220;default&#8220; global_colors_info=&#8220;{}&#8220;][et_pb_row column_structure=&#8220;1_4,3_4&#8243; _builder_version=&#8220;4.14.8&#8243; _module_preset=&#8220;default&#8220; global_colors_info=&#8220;{}&#8220;][et_pb_column type=&#8220;1_4&#8243; _builder_version=&#8220;4.14.8&#8243; _module_preset=&#8220;default&#8220; global_colors_info=&#8220;{}&#8220;][et_pb_image src=&#8220;https:\/\/www.natuerlich-weinreich.de\/wp-content\/uploads\/2022\/03\/Riesling_Paroli-1.jpg&#8220; title_text=&#8220;Riesling_Paroli&#8220; _builder_version=&#8220;4.14.8&#8243; _module_preset=&#8220;default&#8220; animation_style=&#8220;zoom&#8220; animation_duration=&#8220;1600ms&#8220; animation_speed_curve=&#8220;ease-in&#8220; global_colors_info=&#8220;{}&#8220;][\/et_pb_image][\/et_pb_column][et_pb_column type=&#8220;3_4&#8243; _builder_version=&#8220;4.14.8&#8243; _module_preset=&#8220;default&#8220; global_colors_info=&#8220;{}&#8220;][et_pb_text _builder_version=&#8220;4.14.8&#8243; _module_preset=&#8220;default&#8220; header_font=&#8220;Lato|900|||||||&#8220; header_3_font=&#8220;Lato||||||||&#8220; header_3_text_color=&#8220;#00cfbb&#8220; header_3_font_size=&#8220;35px&#8220; header_3_letter_spacing=&#8220;3px&#8220; sticky_position=&#8220;top&#8220; sticky_offset_top=&#8220;30px&#8220; sticky_limit_bottom=&#8220;row&#8220; global_colors_info=&#8220;{}&#8220;]<\/p>\n<h3>PR\u00c4ZISE. UNVERF\u00c4LSCHT. RESPEKTVOLL.<\/h3>\n<p>Das Leben ist wichtig. Lebe es. Liebe es. Biete allem, was Dich daran hindert, die Stirn. Wir bieten Paroli! 100% Riesling. Wie fr\u00fcher. Ganz fr\u00fcher. Nur besser! Kein Schnick-Schnack.<br \/>\nVon der Hand in den Henkeltopf. Ausgebaut in Amphoren. Trauben, Stiele, Saft. Urspr\u00fcnglich und unverf\u00e4lscht. Alles andere als Einheitsbrei. Einfach Herkunft. Und die Seele des Rieslings.<br \/>\nDem Herk\u00f6mmlichen die Stirn bieten und Paroli trinken!<\/p>\n<p>[\/et_pb_text][\/et_pb_column][\/et_pb_row][\/et_pb_section]<\/p>\n","protected":false},"excerpt":{"rendered":"<p>NAT\u00dcRLICH WEINREICH!TRAUBEN. BODEN. ICH Wein ist keine Wissenschaft. Wein ist meine Leidenschaft. Ich folge keinen Normen. Ich folge meinem Bauch. Meinem Gef\u00fchl. Meinem Geschmack. Unkompliziert. S\u00fcffig. Voller Spa\u00df. So ist mein Wein. So bin ich. Trauben. Boden. Wetter. Ich. Meine Weine sind der Ursprung der Natur und meines Handelns.PERLEN VOR DIE S\u00c4UEPRICKELND. UNGEZ\u00c4HMT. PET NAT. [&hellip;]<\/p>\n","protected":false},"author":1,"featured_media":0,"parent":0,"menu_order":0,"comment_status":"closed","ping_status":"closed","template":"","meta":{"_et_pb_use_builder":"on","_et_pb_old_content":"<!-- wp:paragraph -->\r\n<p>This is an example page. It's different from a blog post because it will stay in one place and will show up in your site navigation (in most themes). Most people start with an About page that introduces them to potential site visitors. It might say something like this:<\/p>\r\n<!-- \/wp:paragraph -->\r\n\r\n<!-- wp:quote -->\r\n<blockquote class=\"wp-block-quote\"><p>Hi there! I'm a bike messenger by day, aspiring actor by night, and this is my website. I live in Los Angeles, have a great dog named Jack, and I like pi\u00f1a coladas. (And gettin' caught in the rain.)<\/p><\/blockquote>\r\n<!-- \/wp:quote -->\r\n\r\n<!-- wp:paragraph -->\r\n<p>...or something like this:<\/p>\r\n<!-- \/wp:paragraph -->\r\n\r\n<!-- wp:quote -->\r\n<blockquote class=\"wp-block-quote\"><p>The XYZ Doohickey Company was founded in 1971, and has been providing quality doohickeys to the public ever since. Located in Gotham City, XYZ employs over 2,000 people and does all kinds of awesome things for the Gotham community.<\/p><\/blockquote>\r\n<!-- \/wp:quote -->\r\n\r\n<!-- wp:paragraph -->\r\n<p>As a new WordPress user, you should go to <a href=\"http:\/\/natuerlich-weinreich.de\/wp-admin\/\">your dashboard<\/a> to delete this page and create new pages for your content. Have fun!<\/p>\r\n<!-- \/wp:paragraph -->","_et_gb_content_width":"","footnotes":""},"class_list":["post-2","page","type-page","status-publish","hentry"],"_links":{"self":[{"href":"https:\/\/www.natuerlich-weinreich.de\/de\/wp-json\/wp\/v2\/pages\/2","targetHints":{"allow":["GET"]}}],"collection":[{"href":"https:\/\/www.natuerlich-weinreich.de\/de\/wp-json\/wp\/v2\/pages"}],"about":[{"href":"https:\/\/www.natuerlich-weinreich.de\/de\/wp-json\/wp\/v2\/types\/page"}],"author":[{"embeddable":true,"href":"https:\/\/www.natuerlich-weinreich.de\/de\/wp-json\/wp\/v2\/users\/1"}],"replies":[{"embeddable":true,"href":"https:\/\/www.natuerlich-weinreich.de\/de\/wp-json\/wp\/v2\/comments?post=2"}],"version-history":[{"count":10,"href":"https:\/\/www.natuerlich-weinreich.de\/de\/wp-json\/wp\/v2\/pages\/2\/revisions"}],"predecessor-version":[{"id":391,"href":"https:\/\/www.natuerlich-weinreich.de\/de\/wp-json\/wp\/v2\/pages\/2\/revisions\/391"}],"wp:attachment":[{"href":"https:\/\/www.natuerlich-weinreich.de\/de\/wp-json\/wp\/v2\/media?parent=2"}],"curies":[{"name":"wp","href":"https:\/\/api.w.org\/{rel}","templated":true}]}}